{"id":153,"date":"2020-09-08T08:41:59","date_gmt":"2020-09-08T08:41:59","guid":{"rendered":"http:\/\/brightminds.ee\/privaatsustingimused\/"},"modified":"2020-10-07T07:36:59","modified_gmt":"2020-10-07T07:36:59","slug":"privaatsustingimused","status":"publish","type":"page","link":"https:\/\/brightminds.ee\/en\/privaatsustingimused\/","title":{"rendered":"Privacy Policy"},"content":{"rendered":"\n<p>The owner of the website www.brightminds.com (hereinafter the website) is Brightminds O\u00dc (registry code 11708446), located in Tallinn.<\/p>\n\n\n\n<p><strong>Privacy policy<\/strong><\/p>\n\n\n\n<p>Brightminds O\u00dc is committed to protecting the privacy of customers and users of the Learning Journey. Based on this, Brightminds O\u00dc has compiled the principles of the privacy policy concerning the collection, use, publication, transmission and storage of customer data. The activities of Brightminds O\u00dc are in accordance with all relevant activities and the relevant legislation of the European Union and the laws of the Republic of Estonia.<\/p>\n\n\n\n<p><strong>Use of collected personal information&nbsp;<\/strong><\/p>\n\n\n\n<p>The collected personal data is used by Brightminds O\u00dc to contact the customer, transmit e-learning environment materials and reminders, to agree and conduct My Growth Path meetings and to fulfill the obligations assumed to the customer.<\/p>\n\n\n\n<p>In addition, Brightminds O\u00dc informs customers about future events and offers with the help of the collected personal data, if the customer has given his or her consent. A customer who does not wish to be on the list of recipients or receive notifications can remove from the target group of recipients at any time by sending a request to the e-mail address leena@brightminds.ee.<\/p>\n\n\n\n<p>In order to better serve the customer, Brightminds O\u00dc may disclose customer information to third parties who provide Brightminds O\u00dc with services related to the e-learning environment and are contractually obliged to keep the shared information confidential. A third party is, for example, the partner (s) responsible for training and \/ or conducting the Learning Journey process.<\/p>\n\n\n\n<p><strong>Collection and use of personal data<\/strong><\/p>\n\n\n\n<p>Personal data is data that Brightminds O\u00dc collects during the performance of a contract concluded with an individual or for contacting him.<\/p>\n\n\n\n<p><strong>The collection of Brightminds O\u00dc customer personal data takes place on the website as well as outside the website in the following ways:<\/strong><\/p>\n\n\n\n<ul class=\"wp-block-list\"><li>when booking a study tour demo: name, company name, e-mail address;<\/li><li>My Growth Path when booking a free consultation: name, company name, e-mail address;<\/li><li>My Growth Path for consultation in the way desired by the customer: telephone and \/ or virtual channel address;<\/li><li>when you visit the website via cookies.<\/li><\/ul>\n\n\n\n<p>When sending an e-mail via the website of Brightminds O\u00dc, the customer confirms that has read the privacy policy of Brightminds O\u00dc and gives Brightminds O\u00dc permission to contact to make an offer.<\/p>\n\n\n\n<p><strong>Access to collected personal data<\/strong><\/p>\n\n\n\n<p>It is possible to get acquainted with the collected personal data, request to change, supplement and delete them by sending your request to the e-mail address leena@brightminds.ee.<\/p>\n\n\n\n<p><strong>Protection of personal data<\/strong><\/p>\n\n\n\n<p>Brightminds O\u00dc shall take all precautionary measures (incl. administrative, technical and physical measures) to protect the customer&#8217;s personal data and published information. Only Brightminds O\u00dc has access to change and process customer data.<\/p>\n\n\n\n<p><strong>Security<\/strong><\/p>\n\n\n\n<p>All personal information of the customer that has become known to Brightminds O\u00dc is treated by Brightminds O\u00dc as confidential information and is not subject to disclosure to third parties.<\/p>\n\n\n\n<p>Information obtained through interviews, counseling, feedback, regression sessions, constellation, energetic physical activity, role exercises, kinesiological muscle tests, meditations, breathing exercises, and engaging homework during an My Growth Path is confidential and will remain between the parties. The notes made by Brightminds O\u00dc in the course of the aforementioned activities are also confidential and are not subject to publication by third parties.<\/p>\n\n\n\n<p>Brightminds O\u00dc is the chief processor of personal data and for any questions regarding the privacy policy or data processing, please contact us by e-mail at leena@brightminds.ee.<\/p>\n","protected":false},"excerpt":{"rendered":"<p>The owner of the website www.brightminds.com (hereinafter the website) is Brightminds O\u00dc (registry code 11708446), located in Tallinn. Privacy policy Brightminds O\u00dc is committed to protecting the privacy of customers and users of the Learning Journey. Based on this, Brightminds O\u00dc has compiled the principles of the privacy policy concerning the collection, use, publication, transmission [&hellip;]<\/p>\n","protected":false},"author":1,"featured_media":0,"parent":0,"menu_order":0,"comment_status":"closed","ping_status":"closed","template":"template-privacy.php","meta":{"footnotes":""},"class_list":["post-153","page","type-page","status-publish","hentry"],"acf":[],"yoast_head":"<!-- This site is optimized with the Yoast SEO plugin v21.5 - https:\/\/yoast.com\/wordpress\/plugins\/seo\/ -->\n<title>Privacy Policy - Brightminds<\/title>\n<meta name=\"robots\" content=\"index, follow, max-snippet:-1, max-image-preview:large, max-video-preview:-1\" \/>\n<link rel=\"canonical\" href=\"https:\/\/brightminds.ee\/en\/privaatsustingimused\/\" \/>\n<meta property=\"og:locale\" content=\"en_US\" \/>\n<meta property=\"og:type\" content=\"article\" \/>\n<meta property=\"og:title\" content=\"Privacy Policy - Brightminds\" \/>\n<meta property=\"og:description\" content=\"The owner of the website www.brightminds.com (hereinafter the website) is Brightminds O\u00dc (registry code 11708446), located in Tallinn. Privacy policy Brightminds O\u00dc is committed to protecting the privacy of customers and users of the Learning Journey. Based on this, Brightminds O\u00dc has compiled the principles of the privacy policy concerning the collection, use, publication, transmission [&hellip;]\" \/>\n<meta property=\"og:url\" content=\"https:\/\/brightminds.ee\/en\/privaatsustingimused\/\" \/>\n<meta property=\"og:site_name\" content=\"Brightminds\" \/>\n<meta property=\"article:modified_time\" content=\"2020-10-07T07:36:59+00:00\" \/>\n<meta property=\"og:image\" content=\"https:\/\/brightminds.ee\/wp-content\/uploads\/2020\/09\/avaleht.jpg\" \/>\n\t<meta property=\"og:image:width\" content=\"1600\" \/>\n\t<meta property=\"og:image:height\" content=\"900\" \/>\n\t<meta property=\"og:image:type\" content=\"image\/jpeg\" \/>\n<meta name=\"twitter:card\" content=\"summary_large_image\" \/>\n<meta name=\"twitter:label1\" content=\"Est. reading time\" \/>\n\t<meta name=\"twitter:data1\" content=\"3 minutes\" \/>\n<script type=\"application\/ld+json\" class=\"yoast-schema-graph\">{\"@context\":\"https:\/\/schema.org\",\"@graph\":[{\"@type\":\"WebPage\",\"@id\":\"https:\/\/brightminds.ee\/en\/privaatsustingimused\/\",\"url\":\"https:\/\/brightminds.ee\/en\/privaatsustingimused\/\",\"name\":\"Privacy Policy - Brightminds\",\"isPartOf\":{\"@id\":\"https:\/\/brightminds.ee\/en\/#website\"},\"datePublished\":\"2020-09-08T08:41:59+00:00\",\"dateModified\":\"2020-10-07T07:36:59+00:00\",\"breadcrumb\":{\"@id\":\"https:\/\/brightminds.ee\/en\/privaatsustingimused\/#breadcrumb\"},\"inLanguage\":\"en-US\",\"potentialAction\":[{\"@type\":\"ReadAction\",\"target\":[\"https:\/\/brightminds.ee\/en\/privaatsustingimused\/\"]}]},{\"@type\":\"BreadcrumbList\",\"@id\":\"https:\/\/brightminds.ee\/en\/privaatsustingimused\/#breadcrumb\",\"itemListElement\":[{\"@type\":\"ListItem\",\"position\":1,\"name\":\"Home\",\"item\":\"https:\/\/brightminds.ee\/en\/\"},{\"@type\":\"ListItem\",\"position\":2,\"name\":\"Privacy Policy\"}]},{\"@type\":\"WebSite\",\"@id\":\"https:\/\/brightminds.ee\/en\/#website\",\"url\":\"https:\/\/brightminds.ee\/en\/\",\"name\":\"Brightminds\",\"description\":\"\",\"potentialAction\":[{\"@type\":\"SearchAction\",\"target\":{\"@type\":\"EntryPoint\",\"urlTemplate\":\"https:\/\/brightminds.ee\/en\/?s={search_term_string}\"},\"query-input\":\"required name=search_term_string\"}],\"inLanguage\":\"en-US\"}]}<\/script>\n<!-- \/ Yoast SEO plugin. -->","yoast_head_json":{"title":"Privacy Policy - Brightminds","robots":{"index":"index","follow":"follow","max-snippet":"max-snippet:-1","max-image-preview":"max-image-preview:large","max-video-preview":"max-video-preview:-1"},"canonical":"https:\/\/brightminds.ee\/en\/privaatsustingimused\/","og_locale":"en_US","og_type":"article","og_title":"Privacy Policy - Brightminds","og_description":"The owner of the website www.brightminds.com (hereinafter the website) is Brightminds O\u00dc (registry code 11708446), located in Tallinn. Privacy policy Brightminds O\u00dc is committed to protecting the privacy of customers and users of the Learning Journey. Based on this, Brightminds O\u00dc has compiled the principles of the privacy policy concerning the collection, use, publication, transmission [&hellip;]","og_url":"https:\/\/brightminds.ee\/en\/privaatsustingimused\/","og_site_name":"Brightminds","article_modified_time":"2020-10-07T07:36:59+00:00","og_image":[{"width":1600,"height":900,"url":"https:\/\/brightminds.ee\/wp-content\/uploads\/2020\/09\/avaleht.jpg","type":"image\/jpeg"}],"twitter_card":"summary_large_image","twitter_misc":{"Est. reading time":"3 minutes"},"schema":{"@context":"https:\/\/schema.org","@graph":[{"@type":"WebPage","@id":"https:\/\/brightminds.ee\/en\/privaatsustingimused\/","url":"https:\/\/brightminds.ee\/en\/privaatsustingimused\/","name":"Privacy Policy - Brightminds","isPartOf":{"@id":"https:\/\/brightminds.ee\/en\/#website"},"datePublished":"2020-09-08T08:41:59+00:00","dateModified":"2020-10-07T07:36:59+00:00","breadcrumb":{"@id":"https:\/\/brightminds.ee\/en\/privaatsustingimused\/#breadcrumb"},"inLanguage":"en-US","potentialAction":[{"@type":"ReadAction","target":["https:\/\/brightminds.ee\/en\/privaatsustingimused\/"]}]},{"@type":"BreadcrumbList","@id":"https:\/\/brightminds.ee\/en\/privaatsustingimused\/#breadcrumb","itemListElement":[{"@type":"ListItem","position":1,"name":"Home","item":"https:\/\/brightminds.ee\/en\/"},{"@type":"ListItem","position":2,"name":"Privacy Policy"}]},{"@type":"WebSite","@id":"https:\/\/brightminds.ee\/en\/#website","url":"https:\/\/brightminds.ee\/en\/","name":"Brightminds","description":"","potentialAction":[{"@type":"SearchAction","target":{"@type":"EntryPoint","urlTemplate":"https:\/\/brightminds.ee\/en\/?s={search_term_string}"},"query-input":"required name=search_term_string"}],"inLanguage":"en-US"}]}},"_links":{"self":[{"href":"https:\/\/brightminds.ee\/en\/wp-json\/wp\/v2\/pages\/153","targetHints":{"allow":["GET"]}}],"collection":[{"href":"https:\/\/brightminds.ee\/en\/wp-json\/wp\/v2\/pages"}],"about":[{"href":"https:\/\/brightminds.ee\/en\/wp-json\/wp\/v2\/types\/page"}],"author":[{"embeddable":true,"href":"https:\/\/brightminds.ee\/en\/wp-json\/wp\/v2\/users\/1"}],"replies":[{"embeddable":true,"href":"https:\/\/brightminds.ee\/en\/wp-json\/wp\/v2\/comments?post=153"}],"version-history":[{"count":2,"href":"https:\/\/brightminds.ee\/en\/wp-json\/wp\/v2\/pages\/153\/revisions"}],"predecessor-version":[{"id":238,"href":"https:\/\/brightminds.ee\/en\/wp-json\/wp\/v2\/pages\/153\/revisions\/238"}],"wp:attachment":[{"href":"https:\/\/brightminds.ee\/en\/wp-json\/wp\/v2\/media?parent=153"}],"curies":[{"name":"wp","href":"https:\/\/api.w.org\/{rel}","templated":true}]}}